{"id":32,"date":"2022-02-07T16:12:49","date_gmt":"2022-02-07T16:12:49","guid":{"rendered":"http:\/\/resumotrofeu.pt\/?page_id=32"},"modified":"2022-02-16T09:34:51","modified_gmt":"2022-02-16T09:34:51","slug":"localizacao-resumotrofeu","status":"publish","type":"page","link":"https:\/\/resumotrofeu.pt\/?page_id=32","title":{"rendered":"Contactos"},"content":{"rendered":"\n<p><mark style=\"background-color:rgba(0, 0, 0, 0)\" class=\"has-inline-color has-white-color\">.<\/mark><\/p>\n\n\n\n<p><\/p>\n\n\n\n<p><mark style=\"background-color:rgba(0, 0, 0, 0)\" class=\"has-inline-color has-white-color\">.<\/mark><\/p>\n\n\n\n<p><\/p>\n\n\n\n<p><mark style=\"background-color:rgba(0, 0, 0, 0)\" class=\"has-inline-color has-white-color\">.<\/mark><\/p>\n\n\n<p><strong>Localiza\u00e7\u00e3o Resumotrof\u00e9u:<\/strong><\/p>\n<table cellpadding=\"2\">\n<tbody>\n<tr>\n<td valign=\"top\">\n<p><iframe loading=\"lazy\" style=\"border: 0;\" src=\"https:\/\/www.google.com\/maps\/embed?pb=!1m18!1m12!1m3!1d3025.7452523190805!2d-7.901044683841725!3d40.6795816475337!2m3!1f0!2f0!3f0!3m2!1i1024!2i768!4f13.1!3m3!1m2!1s0xd2336236786f2f5%3A0xf015ae450c54a069!2sPROMOTOR%20(Resumotrof%C3%A9u%2CLda)!5e0!3m2!1spt-PT!2spt!4v1644255132600!5m2!1spt-PT!2spt\" width=\"600\" height=\"450\" allowfullscreen=\"allowfullscreen\"><\/iframe><\/p>\n<\/td>\n<\/tr>\n<\/tbody>\n<\/table>\n<p><!-- \/wp:post-content --><\/p>\n<p><!-- wp:paragraph --><\/p>\n<p><!-- \/wp:paragraph --><\/p>\n<p><!-- wp:paragraph --><\/p>\n<p><strong>Formul\u00e1rio de Contacto:<\/strong><\/p>\n<p><!-- \/wp:paragraph --><\/p>\n<p><!-- wp:contact-form-7\/contact-form-selector {\"id\":83,\"title\":\"Formul\u00e1rio de contacto 1\"} --><\/p>\n<p><!-- \/wp:contact-form-7\/contact-form-selector --><\/p>\n<p><!-- wp:contact-form-7\/contact-form-selector --><\/p>\n<div class=\"wp-block-contact-form-7-contact-form-selector\"><div role=\"form\" class=\"wpcf7\" id=\"wpcf7-f101-o1\" lang=\"pt-PT\" dir=\"ltr\">\n<div class=\"screen-reader-response\"><p role=\"status\" aria-live=\"polite\" aria-atomic=\"true\"><\/p> <ul><\/ul><\/div>\n<form action=\"\/index.php?rest_route=%2Fwp%2Fv2%2Fpages%2F32#wpcf7-f101-o1\" method=\"post\" class=\"wpcf7-form init\" novalidate=\"novalidate\" data-status=\"init\">\n<div style=\"display: none;\">\n<input type=\"hidden\" name=\"_wpcf7\" value=\"101\" \/>\n<input type=\"hidden\" name=\"_wpcf7_version\" value=\"5.5.4\" \/>\n<input type=\"hidden\" name=\"_wpcf7_locale\" value=\"pt_PT\" \/>\n<input type=\"hidden\" name=\"_wpcf7_unit_tag\" value=\"wpcf7-f101-o1\" \/>\n<input type=\"hidden\" name=\"_wpcf7_container_post\" value=\"0\" \/>\n<input type=\"hidden\" name=\"_wpcf7_posted_data_hash\" value=\"\" \/>\n<\/div>\n<p><label> Nome<br \/>\n    <span class=\"wpcf7-form-control-wrap your-name\"><input type=\"text\" name=\"your-name\" value=\"\" size=\"40\" class=\"wpcf7-form-control wpcf7-text wpcf7-validates-as-required\" aria-required=\"true\" aria-invalid=\"false\" \/><\/span> <\/label><\/p>\n<p><label> Email<br \/>\n    <span class=\"wpcf7-form-control-wrap your-email\"><input type=\"email\" name=\"your-email\" value=\"\" size=\"40\" class=\"wpcf7-form-control wpcf7-text wpcf7-email wpcf7-validates-as-required wpcf7-validates-as-email\" aria-required=\"true\" aria-invalid=\"false\" \/><\/span> <\/label><\/p>\n<p><label> Assunto<br \/>\n    <span class=\"wpcf7-form-control-wrap your-subject\"><input type=\"text\" name=\"your-subject\" value=\"\" size=\"40\" class=\"wpcf7-form-control wpcf7-text wpcf7-validates-as-required\" aria-required=\"true\" aria-invalid=\"false\" \/><\/span> <\/label><\/p>\n<p><label> Mensagem<br \/>\n    <span class=\"wpcf7-form-control-wrap your-message\"><textarea name=\"your-message\" cols=\"40\" rows=\"10\" class=\"wpcf7-form-control wpcf7-textarea wpcf7-validates-as-required\" aria-required=\"true\" aria-invalid=\"false\"><\/textarea><\/span> <\/label><\/p>\n<p><input type=\"submit\" value=\"Enviar\" class=\"wpcf7-form-control has-spinner wpcf7-submit\" \/><\/p>\n<div class=\"wpcf7-response-output\" aria-hidden=\"true\"><\/div><\/form><\/div><\/div>\n<p><!-- \/wp:contact-form-7\/contact-form-selector --><\/p>\n\n<!-- wp:paragraph -->\n<p><\/p>\n<!-- \/wp:paragraph -->\n\n<!-- wp:image {\"id\":7,\"sizeSlug\":\"full\",\"linkDestination\":\"none\"} -->\n<figure class=\"wp-block-image size-full\"><img loading=\"lazy\" decoding=\"async\" width=\"960\" height=\"720\" src=\"http:\/\/resumotrofeu.pt\/wp-content\/uploads\/2022\/02\/Frente.jpg\" alt=\"\" class=\"wp-image-7\" srcset=\"https:\/\/resumotrofeu.pt\/wp-content\/uploads\/2022\/02\/Frente.jpg 960w, https:\/\/resumotrofeu.pt\/wp-content\/uploads\/2022\/02\/Frente-300x225.jpg 300w, https:\/\/resumotrofeu.pt\/wp-content\/uploads\/2022\/02\/Frente-768x576.jpg 768w\" sizes=\"auto, (max-width: 960px) 100vw, 960px\" \/><\/figure>\n<!-- \/wp:image -->\n\n<!-- wp:paragraph -->\n<p><a href=\"http:\/\/resumotrofeu.pt\">Voltar&#8230;<\/a><\/p>\n<!-- \/wp:paragraph -->","protected":false},"excerpt":{"rendered":"<p>. . . Localiza\u00e7\u00e3o Resumotrof\u00e9u: Formul\u00e1rio de Contacto: Voltar&#8230;<\/p>\n","protected":false},"author":1,"featured_media":0,"parent":0,"menu_order":0,"comment_status":"closed","ping_status":"closed","template":"","meta":{"footnotes":""},"class_list":["post-32","page","type-page","status-publish","hentry"],"yoast_head":"<!-- This site is optimized with the Yoast SEO plugin v27.6 - https:\/\/yoast.com\/product\/yoast-seo-wordpress\/ -->\n<title>Contactos - Resumotrof\u00e9u Lda<\/title>\n<meta name=\"description\" content=\"Nesta sec\u00e7\u00e3o pode ter acesso \u00e1 nossa localiza\u00e7\u00e3o para que possa se deslocar at\u00e9 n\u00f3s ou preencher o formul\u00e1rio de contacto.\" \/>\n<meta name=\"robots\" content=\"index, follow, max-snippet:-1, max-image-preview:large, max-video-preview:-1\" \/>\n<link rel=\"canonical\" href=\"http:\/\/resumotrofeu.pt\/?page_id=32\" \/>\n<meta property=\"og:locale\" content=\"pt_PT\" \/>\n<meta property=\"og:type\" content=\"article\" \/>\n<meta property=\"og:title\" content=\"https:\/\/www.facebook.com\/resumotrofeu\/about\/?ref=page_internal\" \/>\n<meta property=\"og:description\" content=\"Nesta sec\u00e7\u00e3o pode ter acesso \u00e1 nossa localiza\u00e7\u00e3o para que possa se deslocar at\u00e9 n\u00f3s ou preencher o formul\u00e1rio de contacto.\" \/>\n<meta property=\"og:url\" content=\"http:\/\/resumotrofeu.pt\/?page_id=32\" \/>\n<meta property=\"og:site_name\" content=\"Resumotrof\u00e9u Lda\" \/>\n<meta property=\"article:publisher\" content=\"https:\/\/www.facebook.com\/resumotrofeu\/\" \/>\n<meta property=\"article:modified_time\" content=\"2022-02-16T09:34:51+00:00\" \/>\n<meta property=\"og:image\" content=\"http:\/\/resumotrofeu.pt\/wp-content\/uploads\/2022\/02\/cropped-cropped-Logo.png\" \/>\n\t<meta property=\"og:image:width\" content=\"712\" \/>\n\t<meta property=\"og:image:height\" content=\"266\" \/>\n\t<meta property=\"og:image:type\" content=\"image\/png\" \/>\n<meta name=\"twitter:label1\" content=\"Tempo estimado de leitura\" \/>\n\t<meta name=\"twitter:data1\" content=\"1 minuto\" \/>\n<script type=\"application\/ld+json\" class=\"yoast-schema-graph\">{\"@context\":\"https:\\\/\\\/schema.org\",\"@graph\":[{\"@type\":\"WebPage\",\"@id\":\"http:\\\/\\\/resumotrofeu.pt\\\/?page_id=32\",\"url\":\"http:\\\/\\\/resumotrofeu.pt\\\/?page_id=32\",\"name\":\"Contactos - Resumotrof\u00e9u Lda\",\"isPartOf\":{\"@id\":\"https:\\\/\\\/resumotrofeu.pt\\\/#website\"},\"primaryImageOfPage\":{\"@id\":\"http:\\\/\\\/resumotrofeu.pt\\\/?page_id=32#primaryimage\"},\"image\":{\"@id\":\"http:\\\/\\\/resumotrofeu.pt\\\/?page_id=32#primaryimage\"},\"thumbnailUrl\":\"http:\\\/\\\/resumotrofeu.pt\\\/wp-content\\\/uploads\\\/2022\\\/02\\\/Frente.jpg\",\"datePublished\":\"2022-02-07T16:12:49+00:00\",\"dateModified\":\"2022-02-16T09:34:51+00:00\",\"description\":\"Nesta sec\u00e7\u00e3o pode ter acesso \u00e1 nossa localiza\u00e7\u00e3o para que possa se deslocar at\u00e9 n\u00f3s ou preencher o formul\u00e1rio de contacto.\",\"breadcrumb\":{\"@id\":\"http:\\\/\\\/resumotrofeu.pt\\\/?page_id=32#breadcrumb\"},\"inLanguage\":\"pt-PT\",\"potentialAction\":[{\"@type\":\"ReadAction\",\"target\":[\"http:\\\/\\\/resumotrofeu.pt\\\/?page_id=32\"]}]},{\"@type\":\"ImageObject\",\"inLanguage\":\"pt-PT\",\"@id\":\"http:\\\/\\\/resumotrofeu.pt\\\/?page_id=32#primaryimage\",\"url\":\"https:\\\/\\\/resumotrofeu.pt\\\/wp-content\\\/uploads\\\/2022\\\/02\\\/Frente.jpg\",\"contentUrl\":\"https:\\\/\\\/resumotrofeu.pt\\\/wp-content\\\/uploads\\\/2022\\\/02\\\/Frente.jpg\",\"width\":960,\"height\":720},{\"@type\":\"BreadcrumbList\",\"@id\":\"http:\\\/\\\/resumotrofeu.pt\\\/?page_id=32#breadcrumb\",\"itemListElement\":[{\"@type\":\"ListItem\",\"position\":1,\"name\":\"In\u00edcio\",\"item\":\"https:\\\/\\\/resumotrofeu.pt\\\/\"},{\"@type\":\"ListItem\",\"position\":2,\"name\":\"Contactos\"}]},{\"@type\":\"WebSite\",\"@id\":\"https:\\\/\\\/resumotrofeu.pt\\\/#website\",\"url\":\"https:\\\/\\\/resumotrofeu.pt\\\/\",\"name\":\"Resumotrof\u00e9u Lda\",\"description\":\"Resumotrof\u00e9u Unipessoal Lda\",\"publisher\":{\"@id\":\"https:\\\/\\\/resumotrofeu.pt\\\/#organization\"},\"potentialAction\":[{\"@type\":\"SearchAction\",\"target\":{\"@type\":\"EntryPoint\",\"urlTemplate\":\"https:\\\/\\\/resumotrofeu.pt\\\/?s={search_term_string}\"},\"query-input\":{\"@type\":\"PropertyValueSpecification\",\"valueRequired\":true,\"valueName\":\"search_term_string\"}}],\"inLanguage\":\"pt-PT\"},{\"@type\":\"Organization\",\"@id\":\"https:\\\/\\\/resumotrofeu.pt\\\/#organization\",\"name\":\"Resumotrof\u00e9u Lda. (Promotor)\",\"url\":\"https:\\\/\\\/resumotrofeu.pt\\\/\",\"logo\":{\"@type\":\"ImageObject\",\"inLanguage\":\"pt-PT\",\"@id\":\"https:\\\/\\\/resumotrofeu.pt\\\/#\\\/schema\\\/logo\\\/image\\\/\",\"url\":\"http:\\\/\\\/resumotrofeu.pt\\\/wp-content\\\/uploads\\\/2022\\\/02\\\/cropped-cropped-Logo.png\",\"contentUrl\":\"http:\\\/\\\/resumotrofeu.pt\\\/wp-content\\\/uploads\\\/2022\\\/02\\\/cropped-cropped-Logo.png\",\"width\":712,\"height\":266,\"caption\":\"Resumotrof\u00e9u Lda. (Promotor)\"},\"image\":{\"@id\":\"https:\\\/\\\/resumotrofeu.pt\\\/#\\\/schema\\\/logo\\\/image\\\/\"},\"sameAs\":[\"https:\\\/\\\/www.facebook.com\\\/resumotrofeu\\\/\",\"https:\\\/\\\/pt.linkedin.com\\\/in\\\/promotor-resumotrof\u00e9u-139b51106\"]}]}<\/script>\n<!-- \/ Yoast SEO plugin. -->","yoast_head_json":{"title":"Contactos - Resumotrof\u00e9u Lda","description":"Nesta sec\u00e7\u00e3o pode ter acesso \u00e1 nossa localiza\u00e7\u00e3o para que possa se deslocar at\u00e9 n\u00f3s ou preencher o formul\u00e1rio de contacto.","robots":{"index":"index","follow":"follow","max-snippet":"max-snippet:-1","max-image-preview":"max-image-preview:large","max-video-preview":"max-video-preview:-1"},"canonical":"http:\/\/resumotrofeu.pt\/?page_id=32","og_locale":"pt_PT","og_type":"article","og_title":"https:\/\/www.facebook.com\/resumotrofeu\/about\/?ref=page_internal","og_description":"Nesta sec\u00e7\u00e3o pode ter acesso \u00e1 nossa localiza\u00e7\u00e3o para que possa se deslocar at\u00e9 n\u00f3s ou preencher o formul\u00e1rio de contacto.","og_url":"http:\/\/resumotrofeu.pt\/?page_id=32","og_site_name":"Resumotrof\u00e9u Lda","article_publisher":"https:\/\/www.facebook.com\/resumotrofeu\/","article_modified_time":"2022-02-16T09:34:51+00:00","og_image":[{"width":712,"height":266,"url":"http:\/\/resumotrofeu.pt\/wp-content\/uploads\/2022\/02\/cropped-cropped-Logo.png","type":"image\/png"}],"twitter_misc":{"Tempo estimado de leitura":"1 minuto"},"schema":{"@context":"https:\/\/schema.org","@graph":[{"@type":"WebPage","@id":"http:\/\/resumotrofeu.pt\/?page_id=32","url":"http:\/\/resumotrofeu.pt\/?page_id=32","name":"Contactos - Resumotrof\u00e9u Lda","isPartOf":{"@id":"https:\/\/resumotrofeu.pt\/#website"},"primaryImageOfPage":{"@id":"http:\/\/resumotrofeu.pt\/?page_id=32#primaryimage"},"image":{"@id":"http:\/\/resumotrofeu.pt\/?page_id=32#primaryimage"},"thumbnailUrl":"http:\/\/resumotrofeu.pt\/wp-content\/uploads\/2022\/02\/Frente.jpg","datePublished":"2022-02-07T16:12:49+00:00","dateModified":"2022-02-16T09:34:51+00:00","description":"Nesta sec\u00e7\u00e3o pode ter acesso \u00e1 nossa localiza\u00e7\u00e3o para que possa se deslocar at\u00e9 n\u00f3s ou preencher o formul\u00e1rio de contacto.","breadcrumb":{"@id":"http:\/\/resumotrofeu.pt\/?page_id=32#breadcrumb"},"inLanguage":"pt-PT","potentialAction":[{"@type":"ReadAction","target":["http:\/\/resumotrofeu.pt\/?page_id=32"]}]},{"@type":"ImageObject","inLanguage":"pt-PT","@id":"http:\/\/resumotrofeu.pt\/?page_id=32#primaryimage","url":"https:\/\/resumotrofeu.pt\/wp-content\/uploads\/2022\/02\/Frente.jpg","contentUrl":"https:\/\/resumotrofeu.pt\/wp-content\/uploads\/2022\/02\/Frente.jpg","width":960,"height":720},{"@type":"BreadcrumbList","@id":"http:\/\/resumotrofeu.pt\/?page_id=32#breadcrumb","itemListElement":[{"@type":"ListItem","position":1,"name":"In\u00edcio","item":"https:\/\/resumotrofeu.pt\/"},{"@type":"ListItem","position":2,"name":"Contactos"}]},{"@type":"WebSite","@id":"https:\/\/resumotrofeu.pt\/#website","url":"https:\/\/resumotrofeu.pt\/","name":"Resumotrof\u00e9u Lda","description":"Resumotrof\u00e9u Unipessoal Lda","publisher":{"@id":"https:\/\/resumotrofeu.pt\/#organization"},"potentialAction":[{"@type":"SearchAction","target":{"@type":"EntryPoint","urlTemplate":"https:\/\/resumotrofeu.pt\/?s={search_term_string}"},"query-input":{"@type":"PropertyValueSpecification","valueRequired":true,"valueName":"search_term_string"}}],"inLanguage":"pt-PT"},{"@type":"Organization","@id":"https:\/\/resumotrofeu.pt\/#organization","name":"Resumotrof\u00e9u Lda. (Promotor)","url":"https:\/\/resumotrofeu.pt\/","logo":{"@type":"ImageObject","inLanguage":"pt-PT","@id":"https:\/\/resumotrofeu.pt\/#\/schema\/logo\/image\/","url":"http:\/\/resumotrofeu.pt\/wp-content\/uploads\/2022\/02\/cropped-cropped-Logo.png","contentUrl":"http:\/\/resumotrofeu.pt\/wp-content\/uploads\/2022\/02\/cropped-cropped-Logo.png","width":712,"height":266,"caption":"Resumotrof\u00e9u Lda. (Promotor)"},"image":{"@id":"https:\/\/resumotrofeu.pt\/#\/schema\/logo\/image\/"},"sameAs":["https:\/\/www.facebook.com\/resumotrofeu\/","https:\/\/pt.linkedin.com\/in\/promotor-resumotrof\u00e9u-139b51106"]}]}},"_links":{"self":[{"href":"https:\/\/resumotrofeu.pt\/index.php?rest_route=\/wp\/v2\/pages\/32","targetHints":{"allow":["GET"]}}],"collection":[{"href":"https:\/\/resumotrofeu.pt\/index.php?rest_route=\/wp\/v2\/pages"}],"about":[{"href":"https:\/\/resumotrofeu.pt\/index.php?rest_route=\/wp\/v2\/types\/page"}],"author":[{"embeddable":true,"href":"https:\/\/resumotrofeu.pt\/index.php?rest_route=\/wp\/v2\/users\/1"}],"replies":[{"embeddable":true,"href":"https:\/\/resumotrofeu.pt\/index.php?rest_route=%2Fwp%2Fv2%2Fcomments&post=32"}],"version-history":[{"count":21,"href":"https:\/\/resumotrofeu.pt\/index.php?rest_route=\/wp\/v2\/pages\/32\/revisions"}],"predecessor-version":[{"id":124,"href":"https:\/\/resumotrofeu.pt\/index.php?rest_route=\/wp\/v2\/pages\/32\/revisions\/124"}],"wp:attachment":[{"href":"https:\/\/resumotrofeu.pt\/index.php?rest_route=%2Fwp%2Fv2%2Fmedia&parent=32"}],"curies":[{"name":"wp","href":"https:\/\/api.w.org\/{rel}","templated":true}]}}