{"id":31,"date":"2022-02-07T16:12:49","date_gmt":"2022-02-07T16:12:49","guid":{"rendered":"http:\/\/resumotrofeu.pt\/?page_id=31"},"modified":"2022-02-16T09:35:51","modified_gmt":"2022-02-16T09:35:51","slug":"historia","status":"publish","type":"page","link":"https:\/\/resumotrofeu.pt\/?page_id=31","title":{"rendered":"Hist\u00f3ria"},"content":{"rendered":"\n<p><mark style=\"background-color:rgba(0, 0, 0, 0)\" class=\"has-inline-color has-white-color\">.<\/mark><\/p>\n\n\n\n<p><mark style=\"background-color:rgba(0, 0, 0, 0)\" class=\"has-inline-color has-white-color\">.<\/mark><\/p>\n\n\n\n<p><mark style=\"background-color:rgba(0, 0, 0, 0)\" class=\"has-inline-color has-white-color\">.<\/mark><\/p>\n\n\n\n<p>A <strong>Resumotrof\u00e9u<\/strong> Unipessoal Lda. (Promotor), \u00e9 uma empresa em Viseu que opera no ramo autom\u00f3vel h\u00e1 v\u00e1rios anos, com uma equipa jovem e din\u00e2mica a apostar sempre na evolu\u00e7\u00e3o e satisfa\u00e7\u00e3o do cliente.<\/p>\n\n\n\n<p>Presta servi\u00e7os de Mec\u00e2nica e Eletricidade Autom\u00f3vel, Programa\u00e7\u00e3o Autom\u00f3vel, Substitui\u00e7\u00e3o de Pneus e Alinhamentos dire\u00e7\u00f5es, Repara\u00e7\u00e3o Jantes etc.<\/p>\n\n\n\n<figure class=\"wp-block-gallery has-nested-images columns-default is-cropped wp-block-gallery-1 is-layout-flex wp-block-gallery-is-layout-flex\">\n<figure class=\"wp-block-image size-large\"><img loading=\"lazy\" decoding=\"async\" width=\"960\" height=\"539\" data-id=\"118\" src=\"http:\/\/resumotrofeu.pt\/wp-content\/uploads\/2022\/02\/Molas.jpg\" alt=\"\" class=\"wp-image-118\" srcset=\"https:\/\/resumotrofeu.pt\/wp-content\/uploads\/2022\/02\/Molas.jpg 960w, https:\/\/resumotrofeu.pt\/wp-content\/uploads\/2022\/02\/Molas-300x168.jpg 300w, https:\/\/resumotrofeu.pt\/wp-content\/uploads\/2022\/02\/Molas-768x431.jpg 768w\" sizes=\"auto, (max-width: 960px) 100vw, 960px\" \/><\/figure>\n\n\n\n<figure class=\"wp-block-image size-large\"><img loading=\"lazy\" decoding=\"async\" width=\"768\" height=\"1024\" data-id=\"117\" src=\"http:\/\/resumotrofeu.pt\/wp-content\/uploads\/2022\/02\/Discos-768x1024.jpg\" alt=\"\" class=\"wp-image-117\" srcset=\"https:\/\/resumotrofeu.pt\/wp-content\/uploads\/2022\/02\/Discos-768x1024.jpg 768w, https:\/\/resumotrofeu.pt\/wp-content\/uploads\/2022\/02\/Discos-225x300.jpg 225w, https:\/\/resumotrofeu.pt\/wp-content\/uploads\/2022\/02\/Discos.jpg 1080w\" sizes=\"auto, (max-width: 768px) 100vw, 768px\" \/><\/figure>\n<\/figure>\n\n\n\n<div class=\"wp-block-image\"><figure class=\"aligncenter size-full\"><img loading=\"lazy\" decoding=\"async\" width=\"424\" height=\"204\" src=\"http:\/\/resumotrofeu.pt\/wp-content\/uploads\/2022\/02\/Oticas-1.png\" alt=\"\" class=\"wp-image-119\" srcset=\"https:\/\/resumotrofeu.pt\/wp-content\/uploads\/2022\/02\/Oticas-1.png 424w, https:\/\/resumotrofeu.pt\/wp-content\/uploads\/2022\/02\/Oticas-1-300x144.png 300w\" sizes=\"auto, (max-width: 424px) 100vw, 424px\" \/><\/figure><\/div>\n\n\n\n<p><a href=\"http:\/\/resumotrofeu.pt\/\">Voltar&#8230;<\/a><\/p>\n","protected":false},"excerpt":{"rendered":"<p>. . . A Resumotrof\u00e9u Unipessoal Lda. (Promotor), \u00e9 uma empresa em Viseu que opera no ramo autom\u00f3vel h\u00e1 v\u00e1rios anos, com uma equipa jovem e din\u00e2mica a apostar sempre na evolu\u00e7\u00e3o e satisfa\u00e7\u00e3o do cliente. Presta servi\u00e7os de Mec\u00e2nica e Eletricidade Autom\u00f3vel, Programa\u00e7\u00e3o Autom\u00f3vel, Substitui\u00e7\u00e3o de Pneus e Alinhamentos dire\u00e7\u00f5es, Repara\u00e7\u00e3o Jantes etc. Voltar&#8230;<\/p>\n","protected":false},"author":1,"featured_media":0,"parent":0,"menu_order":0,"comment_status":"closed","ping_status":"closed","template":"","meta":{"footnotes":""},"class_list":["post-31","page","type-page","status-publish","hentry"],"yoast_head":"<!-- This site is optimized with the Yoast SEO plugin v27.6 - https:\/\/yoast.com\/product\/yoast-seo-wordpress\/ -->\n<title>Hist\u00f3ria - Resumotrof\u00e9u Lda<\/title>\n<meta name=\"description\" content=\"A Resumotrof\u00e9u Unipessoal Lda. (Promotor), \u00e9 uma empresa em Viseu que opera no ramo autom\u00f3vel h\u00e1 v\u00e1rios anos, com uma equipa jovem e din\u00e2mica.\" \/>\n<meta name=\"robots\" content=\"index, follow, max-snippet:-1, max-image-preview:large, max-video-preview:-1\" \/>\n<link rel=\"canonical\" href=\"http:\/\/resumotrofeu.pt\/?page_id=31\" \/>\n<meta property=\"og:locale\" content=\"pt_PT\" \/>\n<meta property=\"og:type\" content=\"article\" \/>\n<meta property=\"og:title\" content=\"https:\/\/www.facebook.com\/resumotrofeu\/about\/?ref=page_internal\" \/>\n<meta property=\"og:description\" content=\"Sobre\" \/>\n<meta property=\"og:url\" content=\"http:\/\/resumotrofeu.pt\/?page_id=31\" \/>\n<meta property=\"og:site_name\" content=\"Resumotrof\u00e9u Lda\" \/>\n<meta property=\"article:publisher\" content=\"https:\/\/www.facebook.com\/resumotrofeu\/\" \/>\n<meta property=\"article:modified_time\" content=\"2022-02-16T09:35:51+00:00\" \/>\n<meta property=\"og:image\" content=\"http:\/\/resumotrofeu.pt\/wp-content\/uploads\/2022\/02\/cropped-cropped-Logo.png\" \/>\n\t<meta property=\"og:image:width\" content=\"712\" \/>\n\t<meta property=\"og:image:height\" content=\"266\" \/>\n\t<meta property=\"og:image:type\" content=\"image\/png\" \/>\n<meta name=\"twitter:label1\" content=\"Tempo estimado de leitura\" \/>\n\t<meta name=\"twitter:data1\" content=\"1 minuto\" \/>\n<script type=\"application\/ld+json\" class=\"yoast-schema-graph\">{\"@context\":\"https:\\\/\\\/schema.org\",\"@graph\":[{\"@type\":\"WebPage\",\"@id\":\"http:\\\/\\\/resumotrofeu.pt\\\/?page_id=31\",\"url\":\"http:\\\/\\\/resumotrofeu.pt\\\/?page_id=31\",\"name\":\"Hist\u00f3ria - Resumotrof\u00e9u Lda\",\"isPartOf\":{\"@id\":\"https:\\\/\\\/resumotrofeu.pt\\\/#website\"},\"primaryImageOfPage\":{\"@id\":\"http:\\\/\\\/resumotrofeu.pt\\\/?page_id=31#primaryimage\"},\"image\":{\"@id\":\"http:\\\/\\\/resumotrofeu.pt\\\/?page_id=31#primaryimage\"},\"thumbnailUrl\":\"http:\\\/\\\/resumotrofeu.pt\\\/wp-content\\\/uploads\\\/2022\\\/02\\\/Molas.jpg\",\"datePublished\":\"2022-02-07T16:12:49+00:00\",\"dateModified\":\"2022-02-16T09:35:51+00:00\",\"description\":\"A Resumotrof\u00e9u Unipessoal Lda. (Promotor), \u00e9 uma empresa em Viseu que opera no ramo autom\u00f3vel h\u00e1 v\u00e1rios anos, com uma equipa jovem e din\u00e2mica.\",\"breadcrumb\":{\"@id\":\"http:\\\/\\\/resumotrofeu.pt\\\/?page_id=31#breadcrumb\"},\"inLanguage\":\"pt-PT\",\"potentialAction\":[{\"@type\":\"ReadAction\",\"target\":[\"http:\\\/\\\/resumotrofeu.pt\\\/?page_id=31\"]}]},{\"@type\":\"ImageObject\",\"inLanguage\":\"pt-PT\",\"@id\":\"http:\\\/\\\/resumotrofeu.pt\\\/?page_id=31#primaryimage\",\"url\":\"https:\\\/\\\/resumotrofeu.pt\\\/wp-content\\\/uploads\\\/2022\\\/02\\\/Molas.jpg\",\"contentUrl\":\"https:\\\/\\\/resumotrofeu.pt\\\/wp-content\\\/uploads\\\/2022\\\/02\\\/Molas.jpg\",\"width\":960,\"height\":539},{\"@type\":\"BreadcrumbList\",\"@id\":\"http:\\\/\\\/resumotrofeu.pt\\\/?page_id=31#breadcrumb\",\"itemListElement\":[{\"@type\":\"ListItem\",\"position\":1,\"name\":\"In\u00edcio\",\"item\":\"https:\\\/\\\/resumotrofeu.pt\\\/\"},{\"@type\":\"ListItem\",\"position\":2,\"name\":\"Hist\u00f3ria\"}]},{\"@type\":\"WebSite\",\"@id\":\"https:\\\/\\\/resumotrofeu.pt\\\/#website\",\"url\":\"https:\\\/\\\/resumotrofeu.pt\\\/\",\"name\":\"Resumotrof\u00e9u Lda\",\"description\":\"Resumotrof\u00e9u Unipessoal Lda\",\"publisher\":{\"@id\":\"https:\\\/\\\/resumotrofeu.pt\\\/#organization\"},\"potentialAction\":[{\"@type\":\"SearchAction\",\"target\":{\"@type\":\"EntryPoint\",\"urlTemplate\":\"https:\\\/\\\/resumotrofeu.pt\\\/?s={search_term_string}\"},\"query-input\":{\"@type\":\"PropertyValueSpecification\",\"valueRequired\":true,\"valueName\":\"search_term_string\"}}],\"inLanguage\":\"pt-PT\"},{\"@type\":\"Organization\",\"@id\":\"https:\\\/\\\/resumotrofeu.pt\\\/#organization\",\"name\":\"Resumotrof\u00e9u Lda. (Promotor)\",\"url\":\"https:\\\/\\\/resumotrofeu.pt\\\/\",\"logo\":{\"@type\":\"ImageObject\",\"inLanguage\":\"pt-PT\",\"@id\":\"https:\\\/\\\/resumotrofeu.pt\\\/#\\\/schema\\\/logo\\\/image\\\/\",\"url\":\"http:\\\/\\\/resumotrofeu.pt\\\/wp-content\\\/uploads\\\/2022\\\/02\\\/cropped-cropped-Logo.png\",\"contentUrl\":\"http:\\\/\\\/resumotrofeu.pt\\\/wp-content\\\/uploads\\\/2022\\\/02\\\/cropped-cropped-Logo.png\",\"width\":712,\"height\":266,\"caption\":\"Resumotrof\u00e9u Lda. (Promotor)\"},\"image\":{\"@id\":\"https:\\\/\\\/resumotrofeu.pt\\\/#\\\/schema\\\/logo\\\/image\\\/\"},\"sameAs\":[\"https:\\\/\\\/www.facebook.com\\\/resumotrofeu\\\/\",\"https:\\\/\\\/pt.linkedin.com\\\/in\\\/promotor-resumotrof\u00e9u-139b51106\"]}]}<\/script>\n<!-- \/ Yoast SEO plugin. -->","yoast_head_json":{"title":"Hist\u00f3ria - Resumotrof\u00e9u Lda","description":"A Resumotrof\u00e9u Unipessoal Lda. (Promotor), \u00e9 uma empresa em Viseu que opera no ramo autom\u00f3vel h\u00e1 v\u00e1rios anos, com uma equipa jovem e din\u00e2mica.","robots":{"index":"index","follow":"follow","max-snippet":"max-snippet:-1","max-image-preview":"max-image-preview:large","max-video-preview":"max-video-preview:-1"},"canonical":"http:\/\/resumotrofeu.pt\/?page_id=31","og_locale":"pt_PT","og_type":"article","og_title":"https:\/\/www.facebook.com\/resumotrofeu\/about\/?ref=page_internal","og_description":"Sobre","og_url":"http:\/\/resumotrofeu.pt\/?page_id=31","og_site_name":"Resumotrof\u00e9u Lda","article_publisher":"https:\/\/www.facebook.com\/resumotrofeu\/","article_modified_time":"2022-02-16T09:35:51+00:00","og_image":[{"width":712,"height":266,"url":"http:\/\/resumotrofeu.pt\/wp-content\/uploads\/2022\/02\/cropped-cropped-Logo.png","type":"image\/png"}],"twitter_misc":{"Tempo estimado de leitura":"1 minuto"},"schema":{"@context":"https:\/\/schema.org","@graph":[{"@type":"WebPage","@id":"http:\/\/resumotrofeu.pt\/?page_id=31","url":"http:\/\/resumotrofeu.pt\/?page_id=31","name":"Hist\u00f3ria - Resumotrof\u00e9u Lda","isPartOf":{"@id":"https:\/\/resumotrofeu.pt\/#website"},"primaryImageOfPage":{"@id":"http:\/\/resumotrofeu.pt\/?page_id=31#primaryimage"},"image":{"@id":"http:\/\/resumotrofeu.pt\/?page_id=31#primaryimage"},"thumbnailUrl":"http:\/\/resumotrofeu.pt\/wp-content\/uploads\/2022\/02\/Molas.jpg","datePublished":"2022-02-07T16:12:49+00:00","dateModified":"2022-02-16T09:35:51+00:00","description":"A Resumotrof\u00e9u Unipessoal Lda. (Promotor), \u00e9 uma empresa em Viseu que opera no ramo autom\u00f3vel h\u00e1 v\u00e1rios anos, com uma equipa jovem e din\u00e2mica.","breadcrumb":{"@id":"http:\/\/resumotrofeu.pt\/?page_id=31#breadcrumb"},"inLanguage":"pt-PT","potentialAction":[{"@type":"ReadAction","target":["http:\/\/resumotrofeu.pt\/?page_id=31"]}]},{"@type":"ImageObject","inLanguage":"pt-PT","@id":"http:\/\/resumotrofeu.pt\/?page_id=31#primaryimage","url":"https:\/\/resumotrofeu.pt\/wp-content\/uploads\/2022\/02\/Molas.jpg","contentUrl":"https:\/\/resumotrofeu.pt\/wp-content\/uploads\/2022\/02\/Molas.jpg","width":960,"height":539},{"@type":"BreadcrumbList","@id":"http:\/\/resumotrofeu.pt\/?page_id=31#breadcrumb","itemListElement":[{"@type":"ListItem","position":1,"name":"In\u00edcio","item":"https:\/\/resumotrofeu.pt\/"},{"@type":"ListItem","position":2,"name":"Hist\u00f3ria"}]},{"@type":"WebSite","@id":"https:\/\/resumotrofeu.pt\/#website","url":"https:\/\/resumotrofeu.pt\/","name":"Resumotrof\u00e9u Lda","description":"Resumotrof\u00e9u Unipessoal Lda","publisher":{"@id":"https:\/\/resumotrofeu.pt\/#organization"},"potentialAction":[{"@type":"SearchAction","target":{"@type":"EntryPoint","urlTemplate":"https:\/\/resumotrofeu.pt\/?s={search_term_string}"},"query-input":{"@type":"PropertyValueSpecification","valueRequired":true,"valueName":"search_term_string"}}],"inLanguage":"pt-PT"},{"@type":"Organization","@id":"https:\/\/resumotrofeu.pt\/#organization","name":"Resumotrof\u00e9u Lda. (Promotor)","url":"https:\/\/resumotrofeu.pt\/","logo":{"@type":"ImageObject","inLanguage":"pt-PT","@id":"https:\/\/resumotrofeu.pt\/#\/schema\/logo\/image\/","url":"http:\/\/resumotrofeu.pt\/wp-content\/uploads\/2022\/02\/cropped-cropped-Logo.png","contentUrl":"http:\/\/resumotrofeu.pt\/wp-content\/uploads\/2022\/02\/cropped-cropped-Logo.png","width":712,"height":266,"caption":"Resumotrof\u00e9u Lda. (Promotor)"},"image":{"@id":"https:\/\/resumotrofeu.pt\/#\/schema\/logo\/image\/"},"sameAs":["https:\/\/www.facebook.com\/resumotrofeu\/","https:\/\/pt.linkedin.com\/in\/promotor-resumotrof\u00e9u-139b51106"]}]}},"_links":{"self":[{"href":"https:\/\/resumotrofeu.pt\/index.php?rest_route=\/wp\/v2\/pages\/31","targetHints":{"allow":["GET"]}}],"collection":[{"href":"https:\/\/resumotrofeu.pt\/index.php?rest_route=\/wp\/v2\/pages"}],"about":[{"href":"https:\/\/resumotrofeu.pt\/index.php?rest_route=\/wp\/v2\/types\/page"}],"author":[{"embeddable":true,"href":"https:\/\/resumotrofeu.pt\/index.php?rest_route=\/wp\/v2\/users\/1"}],"replies":[{"embeddable":true,"href":"https:\/\/resumotrofeu.pt\/index.php?rest_route=%2Fwp%2Fv2%2Fcomments&post=31"}],"version-history":[{"count":4,"href":"https:\/\/resumotrofeu.pt\/index.php?rest_route=\/wp\/v2\/pages\/31\/revisions"}],"predecessor-version":[{"id":125,"href":"https:\/\/resumotrofeu.pt\/index.php?rest_route=\/wp\/v2\/pages\/31\/revisions\/125"}],"wp:attachment":[{"href":"https:\/\/resumotrofeu.pt\/index.php?rest_route=%2Fwp%2Fv2%2Fmedia&parent=31"}],"curies":[{"name":"wp","href":"https:\/\/api.w.org\/{rel}","templated":true}]}}